{"id":7,"date":"2024-07-10T13:52:39","date_gmt":"2024-07-10T13:52:39","guid":{"rendered":"https:\/\/livingarchive.no\/?page_id=7"},"modified":"2025-01-16T11:43:13","modified_gmt":"2025-01-16T11:43:13","slug":"7-2","status":"publish","type":"page","link":"https:\/\/livingarchive.no\/index.php\/7-2\/","title":{"rendered":"About"},"content":{"rendered":"\n<h4 class=\"wp-block-heading alignfull has-text-align-left has-base-2-background-color has-text-color has-background has-link-color has-body-font-family wp-elements-8d1c64f0ffef1ba7f5c7ee1dd67537e1\" style=\"color:#f19d41;font-size:clamp(1.648rem, 1.648rem + ((1vw - 0.2rem) * 1.92), 2.8rem);font-style:normal;font-weight:300;letter-spacing:9px;text-transform:uppercase\"><strong>Om<\/strong> Det Levende Arkivet | <strong>About<\/strong> The Living Archive<\/h4>\n\n\n\n<div class=\"wp-block-group alignfull has-base-background-color has-background has-global-padding is-layout-constrained wp-container-core-group-is-layout-b673cb31 wp-block-group-is-layout-constrained\" style=\"margin-top:0;margin-bottom:0;padding-top:var(--wp--preset--spacing--30);padding-right:var(--wp--preset--spacing--50);padding-bottom:var(--wp--preset--spacing--30);padding-left:var(--wp--preset--spacing--50)\">\n<div class=\"wp-block-columns alignwide has-background is-layout-flex wp-container-core-columns-is-layout-28f84493 wp-block-columns-is-layout-flex\" style=\"background-color:#1a4a93\">\n<div class=\"wp-block-column is-layout-flow wp-block-column-is-layout-flow\" style=\"flex-basis:66.66%\">\n<p class=\"has-base-2-color has-text-color has-link-color has-system-sans-serif-font-family has-large-font-size wp-elements-f9b9ded8a8e920fed610e364046eb96c\" style=\"font-style:normal;font-weight:300;line-height:1.2\">Siden 2023 har Arkiv Qlubb jobbet for \u00e5 etablere et interaktivt og dynamisk arkiv for Queer-kultur i Norge.<\/p>\n\n\n\n<hr class=\"wp-block-separator has-text-color has-alpha-channel-opacity has-background is-style-wide\" style=\"background-color:#538fab;color:#538fab\"\/>\n\n\n\n<p class=\"has-base-2-color has-text-color has-link-color has-system-sans-serif-font-family has-large-font-size wp-elements-3333bd0f97ddbb5ccbba93348e9c9315\" style=\"font-style:normal;font-weight:300;line-height:1.2\">Since 2023, Archive Qlubb has been working toward the establishment of an interactive &amp; dynamic archive of Queer culture in Norway.<\/p>\n<\/div>\n\n\n\n<div class=\"wp-block-column is-vertically-aligned-center is-layout-flow wp-block-column-is-layout-flow\" style=\"flex-basis:40%\">\n<figure class=\"wp-block-image aligncenter size-large\"><img loading=\"lazy\" decoding=\"async\" width=\"1024\" height=\"577\" src=\"https:\/\/livingarchive.no\/wp-content\/uploads\/2024\/07\/LA2-1024x577.jpg\" alt=\"\" class=\"wp-image-10\" srcset=\"https:\/\/livingarchive.no\/wp-content\/uploads\/2024\/07\/LA2-1024x577.jpg 1024w, https:\/\/livingarchive.no\/wp-content\/uploads\/2024\/07\/LA2-300x169.jpg 300w, https:\/\/livingarchive.no\/wp-content\/uploads\/2024\/07\/LA2-768x433.jpg 768w, https:\/\/livingarchive.no\/wp-content\/uploads\/2024\/07\/LA2-1536x866.jpg 1536w, https:\/\/livingarchive.no\/wp-content\/uploads\/2024\/07\/LA2-2048x1154.jpg 2048w\" sizes=\"auto, (max-width: 1024px) 100vw, 1024px\" \/><\/figure>\n<\/div>\n<\/div>\n\n\n\n<hr class=\"wp-block-separator alignwide has-alpha-channel-opacity\"\/>\n\n\n\n<div class=\"wp-block-columns alignwide is-layout-flex wp-container-core-columns-is-layout-549b0c86 wp-block-columns-is-layout-flex\">\n<div class=\"wp-block-column is-layout-flow wp-container-core-column-is-layout-119bc444 wp-block-column-is-layout-flow\" style=\"flex-basis:100%\">\n<div class=\"wp-block-columns is-layout-flex wp-container-core-columns-is-layout-87beb0d0 wp-block-columns-is-layout-flex\">\n<div class=\"wp-block-column is-vertically-aligned-center is-layout-flow wp-block-column-is-layout-flow\">\n<p class=\"has-drop-cap has-system-sans-serif-font-family wp-container-content-9cfa9a5a\" style=\"font-style:normal;font-weight:400;letter-spacing:0px;line-height:1.5\">Ved innvilget st\u00f8tte fra Balansekunst, vil Arkiv Qlubb utvide sin aktivitet med satsningsprosjektet Living Archive &#8211; en tilgjengelig, inkluderende og dynamisk ressurs som beriker kulturlandskapet i Norge. Ingen slik ressurs eksisterer per i dag i Oslo og det er stort behov for et arkiv som gjenspeiler de levde erfaringene til skeive mennesker her. Arkivet skal supplere det eksisterende arkivet i Bergen (Skeivt Arkiv, UiB), med noen sentrale differensieringer: V\u00e5rt arkiv i Oslo gj\u00f8res lett tilgjengelig for publikum og er av en betydelig formidlende art. Det er i hovedsak et s\u00e5kalt \u00ablevende arkiv\u00bb, som vil si at det gjenspeiler de n\u00e5v\u00e6rende, tidligere og fremtidige liv til sine bidragsytere, og vil fungere som en verdifull kilde til informasjon, b\u00e5de n\u00e5 og i fremtiden.&nbsp;<\/p>\n<\/div>\n\n\n\n<div class=\"wp-block-column is-vertically-aligned-center is-layout-flow wp-block-column-is-layout-flow\">\n<p class=\"has-drop-cap has-system-sans-serif-font-family\" style=\"font-style:normal;font-weight:400;letter-spacing:0px;line-height:1.5\">With the grant of support from Balansekunst, Arkiv Qlubb will expand its activity with the investment project Living Archive &#8211; an accessible, inclusive and dynamic resource that enriches the cultural landscape in Norway. No such resource currently exists in Oslo and there is a great need for an archive that reflects the lived experiences of queer people here. The archive will supplement the existing archive in Bergen (Skeivt Arkiv, UiB), with some key differences: Our archive in Oslo is made easily accessible to the public and is of a significant mediating nature. It is essentially a so-called &laquo;living archive&raquo;, which means that it reflects the current, past and future lives of its contributors, and will function as a valuable source of information, both now and in the future.<\/p>\n<\/div>\n<\/div>\n<\/div>\n<\/div>\n<\/div>\n\n\n\n<div class=\"wp-block-group alignwide has-global-padding is-content-justification-center is-layout-constrained wp-container-core-group-is-layout-4b4f2a20 wp-block-group-is-layout-constrained\" style=\"border-top-color:var(--wp--preset--color--accent-3);border-bottom-color:var(--wp--preset--color--accent-3);margin-top:0;margin-bottom:0;padding-top:var(--wp--preset--spacing--20);padding-right:var(--wp--preset--spacing--50);padding-bottom:var(--wp--preset--spacing--50);padding-left:var(--wp--preset--spacing--50)\">\n<h2 class=\"wp-block-heading alignfull has-text-align-right has-base-2-color has-text-color has-background has-link-color has-body-font-family wp-elements-816d851ed239f1a05d8f5a1b519f5fe9\" style=\"background-color:#ef897d;padding-top:var(--wp--preset--spacing--10);padding-right:25px;padding-bottom:var(--wp--preset--spacing--10);padding-left:25px;font-size:clamp(1.551rem, 1.551rem + ((1vw - 0.2rem) * 1.748), 2.6rem);font-style:normal;font-weight:300;text-transform:uppercase\">Arkivets m\u00e5lsetninger:<\/h2>\n\n\n\n<h2 class=\"wp-block-heading alignfull has-accent-3-color has-text-color has-link-color has-system-sans-serif-font-family has-medium-font-size wp-elements-6ed7f96da9ed5a9fa85c38a72c297d04\"><em>Klikk p\u00e5 hvert punkt for \u00e5 utvide<\/em>. <\/h2>\n\n\n\n<details class=\"wp-block-details alignfull is-layout-flow wp-block-details-is-layout-flow\"><summary>1) Arkivet vil \u00f8ke tilgjengeligheten med et moderne, demokratisk og interaktivt arkiv<\/summary>\n<p>De to koordinatorene som etablerer tilbudet, sammen med et team av superhelter, besitter to sentrale og sjeldent kombinerte spisskompetanser, som er essensielle for arkivets rammeverker. P\u00e5 den ene siden er de akademikere med solid faglig forankring, erfaring og kompetanse p\u00e5 tradisjonelle arkiv. P\u00e5 den andre siden er de drevne formidlere som har utviklet nytenkende prosjekter for b\u00e5de ikke-kommersielle og kommersielle akt\u00f8rer.<\/p>\n<\/details>\n\n\n\n<details class=\"wp-block-details alignfull is-layout-flow wp-block-details-is-layout-flow\"><summary>2) Arkivet skal tjene inkluderingsinitiativer og belyse multietniske og flerreligi\u00f8se aspekt ved skeiv kultur i Norge, samt styrke det skeive fellesskapet ved \u00e5 initiere aktiv deltakelse i opprettelsen.<\/summary>\n<p>Vi vil vise den dynamiske rollen arkiver spiller i samfunnet og deres verdi i sosial fremgang gjennom ikke kun \u00e5 invitere inn, men initiere og aktivt opps\u00f8ke samarbeid med minoriteter innenfor minoriteten. SKOKS Mangfoldsr\u00e5d (tidl. kalt \u201cKunnskapsr\u00e5det\u201d) vil v\u00e6re en essensiell del av dette arbeidet ved bl.a. \u00e5 p\u00e5peke blindsoner. Det samme vil nettverket v\u00e5rt, som stadig vokser til \u00e5 inkludere nye kryssminoriteter og tverrkunstneriske grupperinger.<\/p>\n<\/details>\n\n\n\n<details class=\"wp-block-details alignfull is-layout-flow wp-block-details-is-layout-flow\"><summary>3) Arkivet blir en grunnleggende ressurs for \u00e5 informere og inspirere fremtidige skeive kunst- og kulturinitiativer, med vekt p\u00e5 sammenhengen mellom skeiv historie og andre marginaliserte identiteter i samfunnet v\u00e5rt.<\/summary>\n<p>Siden start har SKOKS opps\u00f8kt b\u00e5de individer og institusjoner som har kjempet for, utviklet og etablert kulturtilbud for- og av- andre minoritetsgrupper. En av v\u00e5re f\u00f8rste sentrale samarbeidspartnere og r\u00e5dgivere var Cliff Moustache \/ Nordic Black Theatre, som ga uvurderlig innsikt om veien til et kulturhus som praktiserer reell inkludering, og har etablert et interseksjonelt kunstnerisk fellesskap som konsekvent inviterer \u201cutenforskapet\u201d inn i varmen. Historiske likheter mellom antirasistisk kamp og skeiv kamp finnes ikke bare i politiske metoder eller strategier brukt, men i overlappende levde liv, og i overlappende arenaer som kunne tilby trygghet. I tillegg er innspill og r\u00e5d fra samarbeidspartnerne v\u00e5re som Nordic Black Theatre og SPKRBOX, utslagsgivende i SKOKS strategier for \u00e5 n\u00e5 ut til majoritetssamfunnet og kulturinstitusjonene med satsninger og produksjoner.<\/p>\n<\/details>\n\n\n\n<details class=\"wp-block-details alignfull is-layout-flow wp-block-details-is-layout-flow\"><summary>4) En offentlig tilgjengelig, regelmessig brukt og oppdatert ressurs om skeiv kultur-arv i Norge vil fylle et tomrom i det norske samfunnet.<\/summary>\n<p>Oslo er landets hovedstad og ofte individers f\u00f8rste kontaktpunktet med skeiv kultur i Norge. B\u00e5de for bes\u00f8kende fra andre land, og for skeive fra andre steder i Norge. Sv\u00e6rt mange skeive flytter fra hjembygdene sine for \u00e5 finne et skeivt fellesskap i Oslo. SKOKS tilbyr et slikt fellesskap, uten festkulturen som ellers f\u00f8lger med. Med et levende arkiv vil vi ogs\u00e5 kunne tilby kunnskap og en dypere forst\u00e5else av v\u00e5r kulturhistorie. Turistn\u00e6ringen fronter byen som inkluderende ovenfor denne m\u00e5lgruppen. Det er viktig \u00e5 st\u00f8tte oppunder dette omd\u00f8mmet med omfattende, gjennomtenkte ressurser som forbedrer den skeive opplevelsen, bidrar til \u00e5 beskytte skeive liv og rettigheter, og utfordrer misoppfatninger om skeivhet.<\/p>\n<\/details>\n\n\n\n<details class=\"wp-block-details alignfull is-layout-flow wp-block-details-is-layout-flow\"><summary>5) Arkivet vil gi unge skeive mennesker verkt\u00f8y til \u00e5 bedre forst\u00e5 verden og kulturen de befinner seg i, og vise at Norge i sin sterkt globaliserte posisjon, bidrar til det internasjonale kulturlandskapet.<\/summary>\n<p>Arkivet s\u00f8ker \u00e5 koble lokalsamfunnet med det globale samfunnet. Fellestrekk mellom det lokale og globale kan avdekkes gjennom arkivdokumentasjon, og muligheter for samarbeid og \u00f8kt forst\u00e5else p\u00e5 tvers av kulturer og sosiale aspekter kan finne sted. Ungdom har allerede begynt \u00e5 bruke SKOKS som m\u00f8te- og sosialt rom. \u00c5 ha et arkiv her til utdannings- og informasjonsform\u00e5l er uvurderlig for \u00e5 gi unge verkt\u00f8yene de trenger for \u00e5 utvikle en kritisk og empatisk forst\u00e5else av deres kulturelle milj\u00f8. Sentrumsomr\u00e5det er hjemsted for mange skoler og ungdomsorganisasjoner, med SKOKS godt posisjonert for \u00e5 gi dem pedagogisk st\u00f8tte og ressurser sammen med de kulturelle mulighetene det gir.<\/p>\n<\/details>\n\n\n\n<h2 class=\"wp-block-heading alignfull has-text-color has-link-color has-system-sans-serif-font-family wp-elements-62e3fe246b0f4417c8f648543e93116e\" style=\"color:#538fab;font-size:clamp(0.929rem, 0.929rem + ((1vw - 0.2rem) * 0.785), 1.4rem);font-style:normal;font-weight:400;letter-spacing:-1px;line-height:1.3\"><strong>English:<\/strong><\/h2>\n\n\n\n<h2 class=\"wp-block-heading alignfull has-accent-3-color has-text-color has-link-color has-system-sans-serif-font-family has-medium-font-size wp-elements-4f06c6a8551549ac67fd6af601190910\"><em>Click each point to expand details.<\/em><\/h2>\n\n\n\n<details class=\"wp-block-details alignfull is-layout-flow wp-block-details-is-layout-flow\"><summary>1) The archive will increase accessibility as a modern, democratic and interactive resource<\/summary>\n<p>The two coordinators, together with a team of superheroes, possess two central and rarely combined cutting-edge skills, which are essential for the archive&#8217;s framework. On the one hand, they are academics with solid academic grounding, experience and expertise in traditional archives. On the other side they are driven mediators who have developed innovative projects for both non-commercial and commercial actors.<\/p>\n<\/details>\n\n\n\n<details class=\"wp-block-details alignfull is-layout-flow wp-block-details-is-layout-flow\"><summary>2) The archive shall serve inclusion initiatives and shed light on the multi-ethnic and multi-religious aspects of queer culture in Norway, as well as strengthen the queer community by initiating active participation in its creation.<\/summary>\n<p>We want to show the dynamic role archives play in society and their value in social progress by not only inviting in, but initiating and actively seeking cooperation with minorities within the minority. SKOK&#8217;s Diversity Council (formerly called the &laquo;Kunnskapsr\u00e5d&raquo;) will be an essential part of this work by e.g. pointing out blind spots. So will our network, which is constantly growing to include new cross-minorities and cross-artist groupings.<\/p>\n<\/details>\n\n\n\n<details class=\"wp-block-details alignfull is-layout-flow wp-block-details-is-layout-flow\"><summary>3) The archive will become a fundamental resource to inform and inspire future queer art and culture initiatives, with an emphasis on the connection between queer history and other marginalized identities in our society.<\/summary>\n<p>Since its inception, SKOKS has sought out both individuals and institutions that have fought for, developed and established cultural offerings for and by other minority groups. One of our first key collaborators and advisors was Cliff Mustache \/ Nordic Black Theatre, who provided invaluable insight into the path to a cultural center that practices real inclusion, and has established an intersectional artistic community that consistently invites the &laquo;outside&raquo; into the warmth. Historical similarities between anti-racist struggle and queer struggle are found not only in political methods or strategies used, but in overlapping lived lives, and in overlapping arenas that could offer security. In addition, input and advice from our partners such as Nordic Black Theater and SPKRBOX are decisive in SKOK&#8217;s strategies for reaching out to the majority community and cultural institutions with initiatives and productions.<\/p>\n<\/details>\n\n\n\n<details class=\"wp-block-details alignfull is-layout-flow wp-block-details-is-layout-flow\"><summary>4) A publicly available, regularly used and updated resource on queer cultural heritage in Norway will fill a void in Norwegian society.<\/summary>\n<p>Oslo is the country&#8217;s capital and often individuals&#8217; first point of contact with queer culture in Norway. Both for visitors from other countries, and for queers from other places in Norway. Many queer people move from their home villages to find a queer community in Oslo. SKOKS offers such a community, without the party culture that otherwise comes with it. With a living archive, we will also be able to offer knowledge and a deeper understanding of our cultural history. The tourist industry presents the city as inclusive towards this target group. It is important to support this reputation with comprehensive, thoughtful resources that enhance the queer experience, help protect queer lives and rights, and challenge misconceptions about queerness.<\/p>\n<\/details>\n\n\n\n<details class=\"wp-block-details alignfull is-layout-flow wp-block-details-is-layout-flow\"><summary>5) The archive will give young queer people tools to better understand the world and culture they find themselves in, and show that Norway, in its highly globalized position, contributes to the international cultural landscape.<\/summary>\n<p>The archive seeks to connect the local community with the global community. Commonalities between the local and the global can be revealed through archival documentation, and opportunities for collaboration and increased understanding across cultures and social aspects can take place. Young people have already started using SKOKS as a meeting and social space. Having an archive here for educational and informational purposes is invaluable in giving young people the tools they need to develop a critical and empathetic understanding of their cultural environment. The downtown area is home to many schools and youth organisations, with SKOKS well positioned to provide them with educational support and resources alongside the cultural opportunities it provides.<\/p>\n<\/details>\n<\/div>\n\n\n\n<div class=\"wp-block-group alignfull has-global-padding is-layout-constrained wp-container-core-group-is-layout-edc2874e wp-block-group-is-layout-constrained\" style=\"margin-top:0;margin-bottom:0;padding-top:var(--wp--preset--spacing--20);padding-right:var(--wp--preset--spacing--50);padding-bottom:var(--wp--preset--spacing--20);padding-left:var(--wp--preset--spacing--50)\">\n<h2 class=\"wp-block-heading alignwide has-text-align-left has-base-2-color has-text-color has-background has-link-color has-system-sans-serif-font-family wp-elements-a8be0ccc43fc41b097a3aa764f94cd77\" style=\"background-color:#f19d41;padding-top:8px;padding-bottom:8px;font-size:clamp(1.551rem, 1.551rem + ((1vw - 0.2rem) * 1.748), 2.6rem);font-style:normal;font-weight:300\">TEAM<\/h2>\n\n\n\n<div class=\"wp-block-columns alignwide is-layout-flex wp-container-core-columns-is-layout-28f84493 wp-block-columns-is-layout-flex\">\n<div class=\"wp-block-column is-layout-flow wp-block-column-is-layout-flow\">\n<div class=\"wp-block-media-text is-stacked-on-mobile is-vertically-aligned-top\" style=\"grid-template-columns:35% auto\"><figure class=\"wp-block-media-text__media\"><img loading=\"lazy\" decoding=\"async\" width=\"200\" height=\"200\" src=\"https:\/\/livingarchive.no\/wp-content\/uploads\/2024\/07\/tj.png\" alt=\"\" class=\"wp-image-27 size-full\" srcset=\"https:\/\/livingarchive.no\/wp-content\/uploads\/2024\/07\/tj.png 200w, https:\/\/livingarchive.no\/wp-content\/uploads\/2024\/07\/tj-150x150.png 150w\" sizes=\"auto, (max-width: 200px) 100vw, 200px\" \/><\/figure><div class=\"wp-block-media-text__content\">\n<p class=\"has-text-color has-link-color wp-elements-3fc531b0a4eed028ba2156d0dd2e6af5\" style=\"color:#548fab\"><strong>Terry-Jo Thorne (they\/them)<\/strong><\/p>\n\n\n\n<p class=\"has-small-font-size\">Thorne er en etablert researcher or sosial historiker fra S\u00f8r-Afrika, n\u00e5 bosatt i Oslo. De har etablert og administrert digitale arkivprosjekter, og jobbet med respekterte institusjoner som District Six Museum, South African History Online og andre kulturarvsprosjekter som fokuserer p\u00e5 skjulte historier. De jobber ogs\u00e5 innen teater &amp; kunst i Oslo.<\/p>\n\n\n\n<hr class=\"wp-block-separator aligncenter has-text-color has-accent-3-color has-alpha-channel-opacity has-accent-3-background-color has-background is-style-wide\"\/>\n\n\n\n<p class=\"has-small-font-size\"><em>Thorne is an experienced researcher and social historian from South Africa, now living in Oslo. They have established and run a number of digital archiving projects, and has worked with respected institutions such as the District Six Museum, South African History Online, and many others. Their work in Norway includes writing and communications roles in the fields of sustainability &amp; social sustainability.<\/em><\/p>\n<\/div><\/div>\n<\/div>\n\n\n\n<div class=\"wp-block-column is-layout-flow wp-block-column-is-layout-flow\">\n<div class=\"wp-block-media-text is-stacked-on-mobile is-vertically-aligned-top\" style=\"grid-template-columns:35% auto\"><figure class=\"wp-block-media-text__media\"><img loading=\"lazy\" decoding=\"async\" width=\"200\" height=\"200\" src=\"https:\/\/livingarchive.no\/wp-content\/uploads\/2024\/07\/amanda.png\" alt=\"\" class=\"wp-image-28 size-full\" srcset=\"https:\/\/livingarchive.no\/wp-content\/uploads\/2024\/07\/amanda.png 200w, https:\/\/livingarchive.no\/wp-content\/uploads\/2024\/07\/amanda-150x150.png 150w\" sizes=\"auto, (max-width: 200px) 100vw, 200px\" \/><\/figure><div class=\"wp-block-media-text__content\">\n<p class=\"has-text-color has-link-color wp-elements-de19f533ca5108beb7ddaca6c168e789\" style=\"color:#548fab\"><strong>Amanda Borg (she\/her)<\/strong><\/p>\n\n\n\n<p class=\"has-small-font-size\">Borg er utdannet kunsthistoriker fra Goldsmiths i London og researcher med fokus p\u00e5 \u201cqueer history, spatial production, and social sustainability\u201d. Borg er ogs\u00e5 regelmessig ansatt i den kommersielle bransjen, pdd. av SHE Conference.<\/p>\n\n\n\n<hr class=\"wp-block-separator aligncenter has-text-color has-accent-3-color has-alpha-channel-opacity has-accent-3-background-color has-background is-style-wide\"\/>\n\n\n\n<p class=\"has-small-font-size\"><em>Borg is a trained art historian from Goldsmiths in London and researches with a focus on &laquo;queer history, spatial production, and social sustainability&raquo;. Borg is also regularly employed in the commercial industry, pdd. of the SHE Conference.<\/em><\/p>\n<\/div><\/div>\n<\/div>\n<\/div>\n<\/div>\n\n\n\n<div class=\"wp-block-columns alignwide is-layout-flex wp-container-core-columns-is-layout-28f84493 wp-block-columns-is-layout-flex\">\n<div class=\"wp-block-column has-background is-layout-flow wp-block-column-is-layout-flow\" style=\"border-top-color:#f19d41;border-top-width:5px;border-left-color:#f19d41;border-left-width:5px;background-color:#ef897d\">\n<p class=\"has-text-align-right has-base-2-color has-text-color has-link-color has-system-sans-serif-font-family wp-elements-3cf5c8c61db89c53a9af5531662d5573\" style=\"padding-top:20px;padding-right:var(--wp--preset--spacing--20);padding-bottom:20px;padding-left:var(--wp--preset--spacing--20);font-size:clamp(1.884rem, 1.884rem + ((1vw - 0.2rem) * 2.36), 3.3rem);font-style:normal;font-weight:200;letter-spacing:-3px\">Want to be part of the <em><strong>Living Archive<\/strong><\/em>?<\/p>\n\n\n\n<p class=\"has-base-2-color has-text-color has-background has-link-color has-body-font-family wp-elements-9fff5433ce6990bec1c5b521ff0b1f7a\" style=\"background-color:#1a4a93;padding-top:var(--wp--preset--spacing--10);padding-right:var(--wp--preset--spacing--30);padding-bottom:var(--wp--preset--spacing--10);padding-left:var(--wp--preset--spacing--30);font-size:clamp(1.301rem, 1.301rem + ((1vw - 0.2rem) * 1.332), 2.1rem);font-style:normal;font-weight:300;letter-spacing:-2px;line-height:1.7\">Connect with us <a href=\"https:\/\/livingarchive.no\/index.php\/contact-us\/\" data-type=\"page\" data-id=\"54\"><em>here<\/em>.<\/a> <\/p>\n\n\n\n<div class=\"wp-block-buttons is-layout-flex wp-block-buttons-is-layout-flex\"><\/div>\n\n\n\n<p class=\"has-base-2-color has-text-color has-link-color has-body-font-family wp-elements-41c691cbfc0b7ebeb3d095fae69e30b9\" style=\"padding-right:var(--wp--preset--spacing--30);padding-left:var(--wp--preset--spacing--30);font-size:clamp(17.905px, 1.119rem + ((1vw - 3.2px) * 1.052), 28px);font-style:normal;font-weight:300\">Download our consent forms <em><a href=\"http:\/\/chrome-extension:\/\/efaidnbmnnnibpcajpcglclefindmkaj\/https:\/\/livingarchive.no\/wp-content\/uploads\/2024\/11\/Samtykkeerklaering-for-kunstnere.pdf\">here<\/a><\/em>.<\/p>\n\n\n\n<p class=\"has-base-background-color has-background\"><\/p>\n<\/div>\n<\/div>\n\n\n\n<p><\/p>\n","protected":false},"excerpt":{"rendered":"<p>Om Det Levende Arkivet | About The Living Archive Siden 2023 har Arkiv Qlubb jobbet for \u00e5 etablere et interaktivt og dynamisk arkiv for Queer-kultur i Norge. Since 2023, Archive Qlubb has been working toward the establishment of an interactive &amp; dynamic archive of Queer culture in Norway. Ved innvilget st\u00f8tte fra Balansekunst, vil Arkiv [&hellip;]<\/p>\n","protected":false},"author":1,"featured_media":0,"parent":0,"menu_order":0,"comment_status":"closed","ping_status":"closed","template":"page-no-title","meta":{"footnotes":""},"class_list":["post-7","page","type-page","status-publish","hentry"],"_links":{"self":[{"href":"https:\/\/livingarchive.no\/index.php\/wp-json\/wp\/v2\/pages\/7","targetHints":{"allow":["GET"]}}],"collection":[{"href":"https:\/\/livingarchive.no\/index.php\/wp-json\/wp\/v2\/pages"}],"about":[{"href":"https:\/\/livingarchive.no\/index.php\/wp-json\/wp\/v2\/types\/page"}],"author":[{"embeddable":true,"href":"https:\/\/livingarchive.no\/index.php\/wp-json\/wp\/v2\/users\/1"}],"replies":[{"embeddable":true,"href":"https:\/\/livingarchive.no\/index.php\/wp-json\/wp\/v2\/comments?post=7"}],"version-history":[{"count":75,"href":"https:\/\/livingarchive.no\/index.php\/wp-json\/wp\/v2\/pages\/7\/revisions"}],"predecessor-version":[{"id":602,"href":"https:\/\/livingarchive.no\/index.php\/wp-json\/wp\/v2\/pages\/7\/revisions\/602"}],"wp:attachment":[{"href":"https:\/\/livingarchive.no\/index.php\/wp-json\/wp\/v2\/media?parent=7"}],"curies":[{"name":"wp","href":"https:\/\/api.w.org\/{rel}","templated":true}]}}