{"id":527,"date":"2025-01-16T11:29:36","date_gmt":"2025-01-16T11:29:36","guid":{"rendered":"https:\/\/livingarchive.no\/?page_id=527"},"modified":"2025-03-14T05:06:00","modified_gmt":"2025-03-14T05:06:00","slug":"home-bokmal","status":"publish","type":"page","link":"https:\/\/livingarchive.no\/index.php\/home-bokmal\/","title":{"rendered":"Home (Bokm\u00e5l)"},"content":{"rendered":"\n<div class=\"wp-block-group alignfull has-background has-global-padding is-layout-constrained wp-container-core-group-is-layout-669513ed wp-block-group-is-layout-constrained\" style=\"background-color:#ffbfb6;margin-top:0;margin-bottom:0;padding-top:var(--wp--preset--spacing--50);padding-right:var(--wp--preset--spacing--50);padding-bottom:var(--wp--preset--spacing--50);padding-left:var(--wp--preset--spacing--50)\">\n<div class=\"wp-block-columns alignwide is-layout-flex wp-container-core-columns-is-layout-2c8f09fd wp-block-columns-is-layout-flex\">\n<div class=\"wp-block-column is-vertically-aligned-stretch is-layout-flow wp-block-column-is-layout-flow\" style=\"flex-basis:50%\">\n<div class=\"wp-block-group is-vertical is-content-justification-stretch is-layout-flex wp-container-core-group-is-layout-444d5ee8 wp-block-group-is-layout-flex\" style=\"min-height:100%\">\n<p class=\"has-drop-cap has-border-color has-base-2-border-color has-body-font-family has-x-large-font-size\" style=\"margin-top:0;margin-right:0;margin-bottom:0;margin-left:0;padding-top:var(--wp--preset--spacing--10);padding-right:var(--wp--preset--spacing--10);padding-bottom:var(--wp--preset--spacing--10);padding-left:var(--wp--preset--spacing--10);font-style:normal;font-weight:700;line-height:1.2\">VELKOMMEN TIL OSLOS ARKIV FOR SKEIV HISTORIE, KULTUR OG KUNST<\/p>\n\n\n\n<div class=\"wp-block-group has-global-padding is-content-justification-center is-layout-constrained wp-container-core-group-is-layout-4f8bfad2 wp-block-group-is-layout-constrained\">\n<div class=\"wp-block-columns alignfull is-layout-flex wp-container-core-columns-is-layout-20bb992b wp-block-columns-is-layout-flex\" style=\"margin-top:0;margin-bottom:0;padding-top:0;padding-right:0;padding-bottom:0;padding-left:0\">\n<div class=\"wp-block-column is-layout-flow wp-block-column-is-layout-flow\" style=\"flex-basis:100%\"><\/div>\n<\/div>\n<\/div>\n<\/div>\n<\/div>\n\n\n\n<div class=\"wp-block-column is-vertically-aligned-center is-layout-flow wp-block-column-is-layout-flow\" style=\"flex-basis:50%\">\n<div class=\"wp-block-columns is-layout-flex wp-container-core-columns-is-layout-28f84493 wp-block-columns-is-layout-flex\">\n<div class=\"wp-block-column has-border-color has-base-2-border-color is-layout-flow wp-block-column-is-layout-flow\" style=\"padding-top:var(--wp--preset--spacing--10);padding-right:var(--wp--preset--spacing--10);padding-bottom:var(--wp--preset--spacing--10);padding-left:var(--wp--preset--spacing--10);flex-basis:100%\">\n<figure class=\"wp-block-image aligncenter size-large is-style-rounded is-style-rounded--1\" style=\"margin-top:0;margin-right:0;margin-bottom:0;margin-left:0\"><img loading=\"lazy\" decoding=\"async\" width=\"1024\" height=\"577\" src=\"https:\/\/livingarchive.no\/wp-content\/uploads\/2024\/07\/LA2-1024x577.jpg\" alt=\"\" class=\"wp-image-10\" style=\"aspect-ratio:3\/2;object-fit:cover\" srcset=\"https:\/\/livingarchive.no\/wp-content\/uploads\/2024\/07\/LA2-1024x577.jpg 1024w, https:\/\/livingarchive.no\/wp-content\/uploads\/2024\/07\/LA2-300x169.jpg 300w, https:\/\/livingarchive.no\/wp-content\/uploads\/2024\/07\/LA2-768x433.jpg 768w, https:\/\/livingarchive.no\/wp-content\/uploads\/2024\/07\/LA2-1536x866.jpg 1536w, https:\/\/livingarchive.no\/wp-content\/uploads\/2024\/07\/LA2-2048x1154.jpg 2048w\" sizes=\"auto, (max-width: 1024px) 100vw, 1024px\" \/><\/figure>\n<\/div>\n<\/div>\n<\/div>\n<\/div>\n\n\n\n<div class=\"wp-block-columns alignwide is-layout-flex wp-container-core-columns-is-layout-28f84493 wp-block-columns-is-layout-flex\">\n<div class=\"wp-block-column is-layout-flow wp-block-column-is-layout-flow\">\n<p class=\"has-large-font-size wp-container-content-0733e5d0\" style=\"font-style:normal;font-weight:100;letter-spacing:-2px\">Hjelp oss med \u00e5 bygge et tilgjengelig arkiv for <strong>skeivtkultur og historie<\/strong> i Oslo<\/p>\n\n\n\n<div class=\"wp-block-buttons is-content-justification-left is-layout-flex wp-container-core-buttons-is-layout-fc4fd283 wp-block-buttons-is-layout-flex\">\n<div class=\"wp-block-button\"><a class=\"wp-block-button__link has-background wp-element-button\" href=\"https:\/\/livingarchive.no\/index.php\/explore-the-archive\/\" style=\"background-color:#f19d42\">Utforsk Arkivet<\/a><\/div>\n<\/div>\n<\/div>\n<\/div>\n\n\n\n<div class=\"wp-block-columns is-layout-flex wp-container-core-columns-is-layout-28f84493 wp-block-columns-is-layout-flex\">\n<div class=\"wp-block-column is-layout-flow wp-block-column-is-layout-flow\" style=\"flex-basis:100%\"><\/div>\n<\/div>\n<\/div>\n\n\n\n<figure class=\"wp-block-embed alignwide is-type-video is-provider-youtube wp-block-embed-youtube wp-embed-aspect-16-9 wp-has-aspect-ratio\"><div class=\"wp-block-embed__wrapper\">\n<iframe loading=\"lazy\" title=\"Jan Trinh \u00f8nsker deg velkommen til Living Archive! Den nye interaktive nettplattformen for skeive.\" width=\"500\" height=\"281\" src=\"https:\/\/www.youtube.com\/embed\/uADOdDZaEK0?feature=oembed\" frameborder=\"0\" allow=\"accelerometer; autoplay; clipboard-write; encrypted-media; gyroscope; picture-in-picture; web-share\" referrerpolicy=\"strict-origin-when-cross-origin\" allowfullscreen><\/iframe>\n<\/div><\/figure>\n\n\n\n<div class=\"wp-block-columns alignfull is-layout-flex wp-container-core-columns-is-layout-28f84493 wp-block-columns-is-layout-flex\">\n<div class=\"wp-block-column is-layout-flow wp-block-column-is-layout-flow\">\n<div class=\"wp-block-columns is-layout-flex wp-container-core-columns-is-layout-28f84493 wp-block-columns-is-layout-flex\">\n<div class=\"wp-block-column is-layout-flow wp-block-column-is-layout-flow\" style=\"flex-basis:100%\">\n<div class=\"wp-block-columns is-layout-flex wp-container-core-columns-is-layout-28f84493 wp-block-columns-is-layout-flex\">\n<div class=\"wp-block-column is-layout-flow wp-block-column-is-layout-flow\" style=\"flex-basis:100%\">\n<hr class=\"wp-block-separator aligncenter has-text-color has-accent-3-color has-alpha-channel-opacity has-accent-3-background-color has-background is-style-wide\"\/>\n<\/div>\n<\/div>\n<\/div>\n<\/div>\n<\/div>\n<\/div>\n\n\n\n<div class=\"wp-block-columns alignfull is-layout-flex wp-container-core-columns-is-layout-28f84493 wp-block-columns-is-layout-flex\">\n<div class=\"wp-block-column has-base-2-background-color has-background is-layout-flow wp-block-column-is-layout-flow\">\n<div style=\"height:100px\" aria-hidden=\"true\" class=\"wp-block-spacer\"><\/div>\n\n\n\n<div class=\"wp-block-columns is-layout-flex wp-container-core-columns-is-layout-28f84493 wp-block-columns-is-layout-flex\">\n<div class=\"wp-block-column is-layout-flow wp-block-column-is-layout-flow\" style=\"padding-top:var(--wp--preset--spacing--10);padding-bottom:var(--wp--preset--spacing--10);flex-basis:33.33%\">\n<figure class=\"wp-block-image aligncenter size-full is-resized\"><img loading=\"lazy\" decoding=\"async\" width=\"707\" height=\"1000\" src=\"https:\/\/livingarchive.no\/wp-content\/uploads\/2025\/01\/frontcollage2.jpg\" alt=\"\" class=\"wp-image-538\" style=\"width:269px;height:auto\" srcset=\"https:\/\/livingarchive.no\/wp-content\/uploads\/2025\/01\/frontcollage2.jpg 707w, https:\/\/livingarchive.no\/wp-content\/uploads\/2025\/01\/frontcollage2-212x300.jpg 212w\" sizes=\"auto, (max-width: 707px) 100vw, 707px\" \/><\/figure>\n<\/div>\n\n\n\n<div class=\"wp-block-column is-layout-flow wp-container-core-column-is-layout-8a368f38 wp-block-column-is-layout-flow\" style=\"flex-basis:66.66%\">\n<h2 class=\"wp-block-heading has-system-sans-serif-font-family\" style=\"font-style:normal;font-weight:100;letter-spacing:-1px;line-height:1.6\"><a href=\"https:\/\/www.etskeivtkultursenter.com\/\">SKOKS<\/a> etablerer et <strong>Levende Arkiv<\/strong>: et tilgjengelig, inkluderende og dynamisk ressurs som beriker kulturlandskapet i Norge. Det er forel\u00f8pig ingen slik tilgjengelig ressurs i Oslo som gjenspeiler de levde opplevelsene til skeive mennesker her.<\/h2>\n\n\n\n<div class=\"wp-block-columns is-layout-flex wp-container-core-columns-is-layout-28f84493 wp-block-columns-is-layout-flex\">\n<div class=\"wp-block-column is-layout-flow wp-block-column-is-layout-flow\"><\/div>\n<\/div>\n\n\n\n<div class=\"wp-block-buttons is-layout-flex wp-block-buttons-is-layout-flex\">\n<div class=\"wp-block-button\"><a class=\"wp-block-button__link has-background wp-element-button\" href=\"https:\/\/livingarchive.no\/index.php\/explore-the-archive\/\" style=\"background-color:#f19d42\">Utforsk Arkivet<\/a><\/div>\n<\/div>\n<\/div>\n\n\n\n<div class=\"wp-block-column is-layout-flow wp-block-column-is-layout-flow\"><\/div>\n<\/div>\n\n\n\n<div style=\"height:100px\" aria-hidden=\"true\" class=\"wp-block-spacer\"><\/div>\n<\/div>\n<\/div>\n\n\n\n<div class=\"wp-block-group alignfull has-background has-global-padding is-layout-constrained wp-container-core-group-is-layout-c81c4ba7 wp-block-group-is-layout-constrained\" style=\"background-color:#ef897e;margin-top:0;margin-bottom:0;padding-top:var(--wp--preset--spacing--10);padding-right:var(--wp--preset--spacing--10);padding-bottom:var(--wp--preset--spacing--10);padding-left:var(--wp--preset--spacing--10)\">\n<div class=\"wp-block-columns alignwide is-layout-flex wp-container-core-columns-is-layout-28b55a6e wp-block-columns-is-layout-flex\" style=\"border-top-color:var(--wp--preset--color--base-2);border-bottom-color:var(--wp--preset--color--base-2);padding-top:var(--wp--preset--spacing--10);padding-bottom:var(--wp--preset--spacing--10)\">\n<div class=\"wp-block-column has-contrast-color has-base-2-background-color has-text-color has-background has-link-color wp-elements-a69d64ff7947e5e9e06513535c4f6ceb is-layout-flow wp-block-column-is-layout-flow\" style=\"padding-top:var(--wp--preset--spacing--10);padding-right:var(--wp--preset--spacing--10);padding-bottom:var(--wp--preset--spacing--10);padding-left:var(--wp--preset--spacing--10)\">\n<h2 class=\"wp-block-heading has-text-align-center has-contrast-color has-text-color has-link-color wp-elements-7cbaa43e703e253cb66207940af1eac4\">Hva vil arkivet inneholde?<\/h2>\n\n\n\n<p class=\"has-text-align-center has-contrast-color has-text-color has-link-color has-system-sans-serif-font-family wp-elements-3973e9c8a3d4f3551995b4ca320da027\" style=\"font-style:normal;font-weight:200\">Historier, tekster, kunstverk, medier; vi vil arkivere materielle og immaterielle gjenstander.<\/p>\n<\/div>\n\n\n\n<div class=\"wp-block-column has-base-2-background-color has-background is-layout-flow wp-block-column-is-layout-flow\" style=\"padding-top:var(--wp--preset--spacing--10);padding-right:var(--wp--preset--spacing--10);padding-bottom:var(--wp--preset--spacing--10);padding-left:var(--wp--preset--spacing--10)\">\n<h2 class=\"wp-block-heading has-text-align-center has-contrast-color has-text-color has-link-color wp-elements-979650b69502d4aa2dc4369e8db812ea\">Hva skal arkivet brukes til?<\/h2>\n\n\n\n<p class=\"has-text-align-center has-contrast-color has-text-color has-link-color has-system-sans-serif-font-family wp-elements-75c3ac02b670e1fe198dacb7e4238c86\" style=\"font-style:normal;font-weight:200\">Levende Arkiv skal v\u00e6re \u00e5pent og tilgjengelig \u2013 vi \u00f8nsker at queer kultur og historie skal bli kjent, samhandlet, forst\u00e5tt og feiret. N\u00e5r det vokser, vil arkivet v\u00e6re en verdifull ressurs for kunstneriske utstillinger, skoler, forskere og deg.<\/p>\n<\/div>\n\n\n\n<div class=\"wp-block-column has-base-2-background-color has-background is-layout-flow wp-block-column-is-layout-flow\" style=\"padding-top:var(--wp--preset--spacing--10);padding-right:var(--wp--preset--spacing--10);padding-bottom:var(--wp--preset--spacing--10);padding-left:var(--wp--preset--spacing--10)\">\n<h2 class=\"wp-block-heading has-text-align-center has-contrast-color has-text-color has-link-color wp-elements-23ea7e5b7f8d819b618c0580f002e2ea\">Hvordan kan jeg bidra?<\/h2>\n\n\n\n<p class=\"has-text-align-center has-contrast-color has-text-color has-link-color has-system-sans-serif-font-family has-medium-font-size wp-elements-8994e128fee71586a8aea20275a0e150\" style=\"font-style:normal;font-weight:300\">Det er s\u00e5 mange m\u00e5ter! SKOKS tilbyr mange arrangementer og aktiviteter hvor du (om du \u00f8nsker) kan bidra til arkivet. Vi tar gjerne imot dine historier, kunstverk, ideer, og vi arrangerer gjerne et intervju eller tar imot kunstverkene dine. Vi vil ogs\u00e5 gjerne at frivillige hjelper til med ressursinnsamling, digitalisering og s\u00e5 videre.<\/p>\n<\/div>\n<\/div>\n\n\n\n<div class=\"wp-block-columns alignwide is-layout-flex wp-container-core-columns-is-layout-9e9ab238 wp-block-columns-is-layout-flex\" style=\"border-bottom-color:var(--wp--preset--color--base-2);padding-top:14px;padding-bottom:14px\">\n<div class=\"wp-block-column is-layout-flow wp-block-column-is-layout-flow\">\n<figure class=\"wp-block-image\"><img loading=\"lazy\" decoding=\"async\" width=\"600\" height=\"450\" src=\"https:\/\/livingarchive.no\/wp-content\/uploads\/2025\/01\/button3-1.jpg\" alt=\"\" class=\"wp-image-543\" srcset=\"https:\/\/livingarchive.no\/wp-content\/uploads\/2025\/01\/button3-1.jpg 600w, https:\/\/livingarchive.no\/wp-content\/uploads\/2025\/01\/button3-1-300x225.jpg 300w\" sizes=\"auto, (max-width: 600px) 100vw, 600px\" \/><\/figure>\n<\/div>\n\n\n\n<div class=\"wp-block-column is-layout-flow wp-block-column-is-layout-flow\">\n<figure class=\"wp-block-image\"><img loading=\"lazy\" decoding=\"async\" width=\"600\" height=\"450\" src=\"https:\/\/livingarchive.no\/wp-content\/uploads\/2025\/01\/button2-1.jpg\" alt=\"\" class=\"wp-image-545\" srcset=\"https:\/\/livingarchive.no\/wp-content\/uploads\/2025\/01\/button2-1.jpg 600w, https:\/\/livingarchive.no\/wp-content\/uploads\/2025\/01\/button2-1-300x225.jpg 300w\" sizes=\"auto, (max-width: 600px) 100vw, 600px\" \/><\/figure>\n<\/div>\n\n\n\n<div class=\"wp-block-column is-layout-flow wp-block-column-is-layout-flow\">\n<figure class=\"wp-block-image\"><img loading=\"lazy\" decoding=\"async\" width=\"600\" height=\"450\" src=\"https:\/\/livingarchive.no\/wp-content\/uploads\/2025\/01\/button3-2.jpg\" alt=\"\" class=\"wp-image-546\" srcset=\"https:\/\/livingarchive.no\/wp-content\/uploads\/2025\/01\/button3-2.jpg 600w, https:\/\/livingarchive.no\/wp-content\/uploads\/2025\/01\/button3-2-300x225.jpg 300w\" sizes=\"auto, (max-width: 600px) 100vw, 600px\" \/><\/figure>\n<\/div>\n<\/div>\n<\/div>\n\n\n\n<div class=\"wp-block-group alignwide has-global-padding is-layout-constrained wp-container-core-group-is-layout-669513ed wp-block-group-is-layout-constrained\" style=\"margin-top:0;margin-bottom:0;padding-top:var(--wp--preset--spacing--50);padding-right:var(--wp--preset--spacing--50);padding-bottom:var(--wp--preset--spacing--50);padding-left:var(--wp--preset--spacing--50)\">\n<div class=\"wp-block-columns alignwide is-layout-flex wp-container-core-columns-is-layout-28f84493 wp-block-columns-is-layout-flex\">\n<div class=\"wp-block-column is-layout-flow wp-block-column-is-layout-flow\">\n<h2 class=\"wp-block-heading has-text-align-center\">Vi ser frem til \u00e5 bygge denne s\u00e5rt tiltrengte ressursen sammen!<\/h2>\n<\/div>\n<\/div>\n\n\n\n<div class=\"wp-block-buttons is-content-justification-center is-layout-flex wp-container-core-buttons-is-layout-a89b3969 wp-block-buttons-is-layout-flex\">\n<div class=\"wp-block-button\"><a class=\"wp-block-button__link has-background has-text-align-center wp-element-button\" href=\"https:\/\/livingarchive.no\/index.php\/explore-the-archive\/\" style=\"background-color:#f19d42\">Utforsk Arkivet<\/a><\/div>\n<\/div>\n<\/div>\n\n\n\n<div class=\"wp-block-group alignfull has-global-padding is-layout-constrained wp-container-core-group-is-layout-d89aad35 wp-block-group-is-layout-constrained\" style=\"margin-top:0;margin-bottom:0;padding-top:var(--wp--preset--spacing--50);padding-right:var(--wp--preset--spacing--50);padding-bottom:var(--wp--preset--spacing--50);padding-left:var(--wp--preset--spacing--50)\"><\/div>\n","protected":false},"excerpt":{"rendered":"<p>VELKOMMEN TIL OSLOS ARKIV FOR SKEIV HISTORIE, KULTUR OG KUNST Hjelp oss med \u00e5 bygge et tilgjengelig arkiv for skeivtkultur og historie i Oslo SKOKS etablerer et Levende Arkiv: et tilgjengelig, inkluderende og dynamisk ressurs som beriker kulturlandskapet i Norge. Det er forel\u00f8pig ingen slik tilgjengelig ressurs i Oslo som gjenspeiler de levde opplevelsene til [&hellip;]<\/p>\n","protected":false},"author":1,"featured_media":0,"parent":0,"menu_order":0,"comment_status":"closed","ping_status":"closed","template":"","meta":{"footnotes":""},"class_list":["post-527","page","type-page","status-publish","hentry"],"_links":{"self":[{"href":"https:\/\/livingarchive.no\/index.php\/wp-json\/wp\/v2\/pages\/527","targetHints":{"allow":["GET"]}}],"collection":[{"href":"https:\/\/livingarchive.no\/index.php\/wp-json\/wp\/v2\/pages"}],"about":[{"href":"https:\/\/livingarchive.no\/index.php\/wp-json\/wp\/v2\/types\/page"}],"author":[{"embeddable":true,"href":"https:\/\/livingarchive.no\/index.php\/wp-json\/wp\/v2\/users\/1"}],"replies":[{"embeddable":true,"href":"https:\/\/livingarchive.no\/index.php\/wp-json\/wp\/v2\/comments?post=527"}],"version-history":[{"count":25,"href":"https:\/\/livingarchive.no\/index.php\/wp-json\/wp\/v2\/pages\/527\/revisions"}],"predecessor-version":[{"id":860,"href":"https:\/\/livingarchive.no\/index.php\/wp-json\/wp\/v2\/pages\/527\/revisions\/860"}],"wp:attachment":[{"href":"https:\/\/livingarchive.no\/index.php\/wp-json\/wp\/v2\/media?parent=527"}],"curies":[{"name":"wp","href":"https:\/\/api.w.org\/{rel}","templated":true}]}}