{"id":237,"date":"2025-01-07T22:17:49","date_gmt":"2025-01-07T22:17:49","guid":{"rendered":"https:\/\/livingarchive.no\/?page_id=237"},"modified":"2025-03-14T18:29:27","modified_gmt":"2025-03-14T18:29:27","slug":"explore-the-archive","status":"publish","type":"page","link":"https:\/\/livingarchive.no\/index.php\/explore-the-archive\/","title":{"rendered":"Explore the Living Archive"},"content":{"rendered":"\n<div class=\"wp-block-columns alignwide is-layout-flex wp-container-core-columns-is-layout-28f84493 wp-block-columns-is-layout-flex\">\n<div class=\"wp-block-column is-vertically-aligned-center is-layout-flow wp-block-column-is-layout-flow\">\n<p class=\"has-text-align-center has-text-color has-link-color has-system-sans-serif-font-family wp-elements-5f69a64caf8293f306d16f96f622436c\" style=\"color:#548fab;font-size:clamp(1.837rem, 1.837rem + ((1vw - 0.2rem) * 2.272), 3.2rem);font-style:normal;font-weight:800\">UTFORSK V\u00c5RT LEVENDE ARKIV<br>\/ Explore the Living Archive<\/p>\n\n\n\n<figure class=\"wp-block-embed aligncenter is-type-video is-provider-youtube wp-block-embed-youtube wp-embed-aspect-16-9 wp-has-aspect-ratio\"><div class=\"wp-block-embed__wrapper\">\n<iframe loading=\"lazy\" title=\"Jan Trinh \u00f8nsker deg velkommen til Living Archive! Den nye interaktive nettplattformen for skeive.\" width=\"500\" height=\"281\" src=\"https:\/\/www.youtube.com\/embed\/uADOdDZaEK0?feature=oembed\" frameborder=\"0\" allow=\"accelerometer; autoplay; clipboard-write; encrypted-media; gyroscope; picture-in-picture; web-share\" referrerpolicy=\"strict-origin-when-cross-origin\" allowfullscreen><\/iframe>\n<\/div><\/figure>\n\n\n\n<div class=\"wp-block-columns is-layout-flex wp-container-core-columns-is-layout-28f84493 wp-block-columns-is-layout-flex\">\n<div class=\"wp-block-column is-layout-flow wp-block-column-is-layout-flow\">\n<p class=\"has-system-sans-serif-font-family\" style=\"font-style:normal;font-weight:100\">En interaktiv database er under oppsett. I mellomtiden har vi gjort noe av arkivmaterialet tilgjengelig for digital visning under kategoriene nedenfor.<\/p>\n\n\n\n<p class=\"has-system-sans-serif-font-family\" style=\"font-style:normal;font-weight:100\">For \u00e5 f\u00e5 tilgang til v\u00e5rt fysiske arkiv, vennligst kontakt oss via kontaktsiden, eller mail oss p\u00e5 arkiv@skoks.no<\/p>\n<\/div>\n\n\n\n<div class=\"wp-block-column has-system-sans-serif-font-family is-layout-flow wp-block-column-is-layout-flow\" style=\"font-style:normal;font-weight:100\">\n<p>An interactive database is currently being set up. Meanwhile, we have made some of the archival material available for digital viewing under the categories below.<\/p>\n\n\n\n<p>To obtain access to our physical archive, please contact us via the contact page, or email us at arkiv@skoks.no<\/p>\n<\/div>\n<\/div>\n\n\n\n<hr class=\"wp-block-separator has-text-color has-alpha-channel-opacity has-background is-style-wide\" style=\"background-color:#548fab;color:#548fab\"\/>\n\n\n\n<p class=\"has-text-align-center has-contrast-color has-text-color has-link-color has-system-sans-serif-font-family wp-elements-b107c3981252e64a1b4c4e019807bf71\" style=\"font-size:clamp(1.198rem, 1.198rem + ((1vw - 0.2rem) * 1.17), 1.9rem);font-style:normal;font-weight:800\">UTFORSK ARKIVET &#8211; KLIKK P\u00c5 KATEGORI NEDENFOR<br>\/ EXPLORE THE ARCHIVE &#8211; CLICK ON IMAGE BELOW<strong>:<\/strong><\/p>\n<\/div>\n<\/div>\n\n\n\n<div class=\"wp-block-columns alignwide has-background is-layout-flex wp-container-core-columns-is-layout-28f84493 wp-block-columns-is-layout-flex\" style=\"background-color:#fbe8d7\">\n<div class=\"wp-block-column is-layout-flow wp-block-column-is-layout-flow\">\n<figure class=\"wp-block-image size-large\"><a href=\"https:\/\/livingarchive.no\/index.php\/events-exhibitions\/\"><img loading=\"lazy\" decoding=\"async\" width=\"1024\" height=\"1024\" src=\"https:\/\/livingarchive.no\/wp-content\/uploads\/2025\/03\/EVENTS-1024x1024.jpg\" alt=\"https:\/\/livingarchive.no\/index.php\/explore-the-archive\/\" class=\"wp-image-676\" srcset=\"https:\/\/livingarchive.no\/wp-content\/uploads\/2025\/03\/EVENTS-1024x1024.jpg 1024w, https:\/\/livingarchive.no\/wp-content\/uploads\/2025\/03\/EVENTS-300x300.jpg 300w, https:\/\/livingarchive.no\/wp-content\/uploads\/2025\/03\/EVENTS-150x150.jpg 150w, https:\/\/livingarchive.no\/wp-content\/uploads\/2025\/03\/EVENTS-768x768.jpg 768w, https:\/\/livingarchive.no\/wp-content\/uploads\/2025\/03\/EVENTS.jpg 1080w\" sizes=\"auto, (max-width: 1024px) 100vw, 1024px\" \/><\/a><\/figure>\n\n\n\n<figure class=\"wp-block-image size-large\"><img loading=\"lazy\" decoding=\"async\" width=\"1024\" height=\"1024\" src=\"https:\/\/livingarchive.no\/wp-content\/uploads\/2025\/03\/Intervju-1-1024x1024.jpg\" alt=\"\" class=\"wp-image-682\" srcset=\"https:\/\/livingarchive.no\/wp-content\/uploads\/2025\/03\/Intervju-1-1024x1024.jpg 1024w, https:\/\/livingarchive.no\/wp-content\/uploads\/2025\/03\/Intervju-1-300x300.jpg 300w, https:\/\/livingarchive.no\/wp-content\/uploads\/2025\/03\/Intervju-1-150x150.jpg 150w, https:\/\/livingarchive.no\/wp-content\/uploads\/2025\/03\/Intervju-1-768x768.jpg 768w, https:\/\/livingarchive.no\/wp-content\/uploads\/2025\/03\/Intervju-1.jpg 1080w\" sizes=\"auto, (max-width: 1024px) 100vw, 1024px\" \/><\/figure>\n\n\n\n<figure class=\"wp-block-image size-large\"><a href=\"https:\/\/livingarchive.no\/index.php\/queer-comedy-qlubb\/\"><img loading=\"lazy\" decoding=\"async\" width=\"1024\" height=\"1024\" src=\"https:\/\/livingarchive.no\/wp-content\/uploads\/2025\/03\/QueerComedyQ-1024x1024.jpg\" alt=\"\" class=\"wp-image-770\" srcset=\"https:\/\/livingarchive.no\/wp-content\/uploads\/2025\/03\/QueerComedyQ-1024x1024.jpg 1024w, https:\/\/livingarchive.no\/wp-content\/uploads\/2025\/03\/QueerComedyQ-300x300.jpg 300w, https:\/\/livingarchive.no\/wp-content\/uploads\/2025\/03\/QueerComedyQ-150x150.jpg 150w, https:\/\/livingarchive.no\/wp-content\/uploads\/2025\/03\/QueerComedyQ-768x768.jpg 768w, https:\/\/livingarchive.no\/wp-content\/uploads\/2025\/03\/QueerComedyQ.jpg 1181w\" sizes=\"auto, (max-width: 1024px) 100vw, 1024px\" \/><\/a><\/figure>\n<\/div>\n\n\n\n<div class=\"wp-block-column is-layout-flow wp-block-column-is-layout-flow\">\n<figure class=\"wp-block-image size-large\"><a href=\"https:\/\/livingarchive.no\/index.php\/youth-projects\/\" target=\"_blank\" rel=\"https:\/\/livingarchive.no\/index.php\/youth-projects\/ noreferrer noopener\"><img loading=\"lazy\" decoding=\"async\" width=\"1024\" height=\"1024\" src=\"https:\/\/livingarchive.no\/wp-content\/uploads\/2025\/03\/NeXtGenQX-1024x1024.jpg\" alt=\"\" class=\"wp-image-677\" srcset=\"https:\/\/livingarchive.no\/wp-content\/uploads\/2025\/03\/NeXtGenQX-1024x1024.jpg 1024w, https:\/\/livingarchive.no\/wp-content\/uploads\/2025\/03\/NeXtGenQX-300x300.jpg 300w, https:\/\/livingarchive.no\/wp-content\/uploads\/2025\/03\/NeXtGenQX-150x150.jpg 150w, https:\/\/livingarchive.no\/wp-content\/uploads\/2025\/03\/NeXtGenQX-768x768.jpg 768w, https:\/\/livingarchive.no\/wp-content\/uploads\/2025\/03\/NeXtGenQX.jpg 1080w\" sizes=\"auto, (max-width: 1024px) 100vw, 1024px\" \/><\/a><\/figure>\n\n\n\n<figure class=\"wp-block-image size-large\"><a class=\"https:\/\/livingarchive.no\/index.php\/2025\/01\/07\/banned-books-bibliotek-skeiv-lesestund\/\" href=\"https:\/\/livingarchive.no\/index.php\/2025\/01\/07\/banned-books-bibliotek-skeiv-lesestund\/\" target=\"_blank\" rel=\"https:\/\/livingarchive.no\/index.php\/2025\/01\/07\/banned-books-bibliotek-skeiv-lesestund\/ noreferrer noopener\"><img loading=\"lazy\" decoding=\"async\" width=\"1024\" height=\"1024\" src=\"https:\/\/livingarchive.no\/wp-content\/uploads\/2025\/03\/BannedBooks-1024x1024.jpg\" alt=\"\" class=\"wp-image-683\" srcset=\"https:\/\/livingarchive.no\/wp-content\/uploads\/2025\/03\/BannedBooks-1024x1024.jpg 1024w, https:\/\/livingarchive.no\/wp-content\/uploads\/2025\/03\/BannedBooks-300x300.jpg 300w, https:\/\/livingarchive.no\/wp-content\/uploads\/2025\/03\/BannedBooks-150x150.jpg 150w, https:\/\/livingarchive.no\/wp-content\/uploads\/2025\/03\/BannedBooks-768x768.jpg 768w, https:\/\/livingarchive.no\/wp-content\/uploads\/2025\/03\/BannedBooks.jpg 1181w\" sizes=\"auto, (max-width: 1024px) 100vw, 1024px\" \/><\/a><\/figure>\n\n\n\n<figure class=\"wp-block-image size-large\"><a class=\"https:\/\/livingarchive.no\/index.php\/2025\/01\/07\/banned-books-bibliotek-skeiv-lesestund\/\" href=\"https:\/\/livingarchive.no\/index.php\/2025\/01\/07\/fri-familienettverket-workshop\/\" target=\"_blank\" rel=\"https:\/\/livingarchive.no\/index.php\/2025\/01\/07\/banned-books-bibliotek-skeiv-lesestund\/ noreferrer noopener\"><img loading=\"lazy\" decoding=\"async\" width=\"1024\" height=\"1024\" src=\"https:\/\/livingarchive.no\/wp-content\/uploads\/2025\/03\/QKXIkoner-instagram-highlights-1024x1024.jpg\" alt=\"\" class=\"wp-image-778\" srcset=\"https:\/\/livingarchive.no\/wp-content\/uploads\/2025\/03\/QKXIkoner-instagram-highlights-1024x1024.jpg 1024w, https:\/\/livingarchive.no\/wp-content\/uploads\/2025\/03\/QKXIkoner-instagram-highlights-300x300.jpg 300w, https:\/\/livingarchive.no\/wp-content\/uploads\/2025\/03\/QKXIkoner-instagram-highlights-150x150.jpg 150w, https:\/\/livingarchive.no\/wp-content\/uploads\/2025\/03\/QKXIkoner-instagram-highlights-768x768.jpg 768w, https:\/\/livingarchive.no\/wp-content\/uploads\/2025\/03\/QKXIkoner-instagram-highlights.jpg 1181w\" sizes=\"auto, (max-width: 1024px) 100vw, 1024px\" \/><\/a><\/figure>\n<\/div>\n\n\n\n<div class=\"wp-block-column is-layout-flow wp-block-column-is-layout-flow\">\n<figure class=\"wp-block-image size-large\"><a href=\"https:\/\/livingarchive.no\/index.php\/masterclasses\/\"><img loading=\"lazy\" decoding=\"async\" width=\"1024\" height=\"1024\" src=\"https:\/\/livingarchive.no\/wp-content\/uploads\/2025\/03\/MC-1024x1024.jpg\" alt=\"\" class=\"wp-image-690\" srcset=\"https:\/\/livingarchive.no\/wp-content\/uploads\/2025\/03\/MC-1024x1024.jpg 1024w, https:\/\/livingarchive.no\/wp-content\/uploads\/2025\/03\/MC-300x300.jpg 300w, https:\/\/livingarchive.no\/wp-content\/uploads\/2025\/03\/MC-150x150.jpg 150w, https:\/\/livingarchive.no\/wp-content\/uploads\/2025\/03\/MC-768x768.jpg 768w, https:\/\/livingarchive.no\/wp-content\/uploads\/2025\/03\/MC.jpg 1181w\" sizes=\"auto, (max-width: 1024px) 100vw, 1024px\" \/><\/a><\/figure>\n\n\n\n<figure class=\"wp-block-image size-large\"><a href=\"https:\/\/livingarchive.no\/index.php\/podcast\/\" target=\"_blank\" rel=\"https:\/\/livingarchive.no\/index.php\/podcast\/\"><img loading=\"lazy\" decoding=\"async\" width=\"1024\" height=\"1024\" src=\"https:\/\/livingarchive.no\/wp-content\/uploads\/2025\/03\/PodcastIkon-1024x1024.jpg\" alt=\"\" class=\"wp-image-684\" srcset=\"https:\/\/livingarchive.no\/wp-content\/uploads\/2025\/03\/PodcastIkon-1024x1024.jpg 1024w, https:\/\/livingarchive.no\/wp-content\/uploads\/2025\/03\/PodcastIkon-300x300.jpg 300w, https:\/\/livingarchive.no\/wp-content\/uploads\/2025\/03\/PodcastIkon-150x150.jpg 150w, https:\/\/livingarchive.no\/wp-content\/uploads\/2025\/03\/PodcastIkon-768x768.jpg 768w, https:\/\/livingarchive.no\/wp-content\/uploads\/2025\/03\/PodcastIkon.jpg 1181w\" sizes=\"auto, (max-width: 1024px) 100vw, 1024px\" \/><\/a><\/figure>\n\n\n\n<figure class=\"wp-block-image size-large\"><a href=\"https:\/\/livingarchive.no\/index.php\/2025\/01\/16\/bandskolen-black\/\" target=\"_blank\" rel=\"https:\/\/livingarchive.no\/index.php\/podcast\/\"><img loading=\"lazy\" decoding=\"async\" width=\"1024\" height=\"1024\" src=\"https:\/\/livingarchive.no\/wp-content\/uploads\/2025\/03\/BLACKIkoner-instagram-highlights-1024x1024.jpg\" alt=\"\" class=\"wp-image-780\" srcset=\"https:\/\/livingarchive.no\/wp-content\/uploads\/2025\/03\/BLACKIkoner-instagram-highlights-1024x1024.jpg 1024w, https:\/\/livingarchive.no\/wp-content\/uploads\/2025\/03\/BLACKIkoner-instagram-highlights-300x300.jpg 300w, https:\/\/livingarchive.no\/wp-content\/uploads\/2025\/03\/BLACKIkoner-instagram-highlights-150x150.jpg 150w, https:\/\/livingarchive.no\/wp-content\/uploads\/2025\/03\/BLACKIkoner-instagram-highlights-768x768.jpg 768w, https:\/\/livingarchive.no\/wp-content\/uploads\/2025\/03\/BLACKIkoner-instagram-highlights.jpg 1181w\" sizes=\"auto, (max-width: 1024px) 100vw, 1024px\" \/><\/a><\/figure>\n<\/div>\n<\/div>\n\n\n\n<p><\/p>\n","protected":false},"excerpt":{"rendered":"<p>UTFORSK V\u00c5RT LEVENDE ARKIV\/ Explore the Living Archive En interaktiv database er under oppsett. I mellomtiden har vi gjort noe av arkivmaterialet tilgjengelig for digital visning under kategoriene nedenfor. For \u00e5 f\u00e5 tilgang til v\u00e5rt fysiske arkiv, vennligst kontakt oss via kontaktsiden, eller mail oss p\u00e5 arkiv@skoks.no An interactive database is currently being set up. [&hellip;]<\/p>\n","protected":false},"author":1,"featured_media":0,"parent":0,"menu_order":0,"comment_status":"closed","ping_status":"closed","template":"","meta":{"footnotes":""},"class_list":["post-237","page","type-page","status-publish","hentry"],"_links":{"self":[{"href":"https:\/\/livingarchive.no\/index.php\/wp-json\/wp\/v2\/pages\/237","targetHints":{"allow":["GET"]}}],"collection":[{"href":"https:\/\/livingarchive.no\/index.php\/wp-json\/wp\/v2\/pages"}],"about":[{"href":"https:\/\/livingarchive.no\/index.php\/wp-json\/wp\/v2\/types\/page"}],"author":[{"embeddable":true,"href":"https:\/\/livingarchive.no\/index.php\/wp-json\/wp\/v2\/users\/1"}],"replies":[{"embeddable":true,"href":"https:\/\/livingarchive.no\/index.php\/wp-json\/wp\/v2\/comments?post=237"}],"version-history":[{"count":28,"href":"https:\/\/livingarchive.no\/index.php\/wp-json\/wp\/v2\/pages\/237\/revisions"}],"predecessor-version":[{"id":862,"href":"https:\/\/livingarchive.no\/index.php\/wp-json\/wp\/v2\/pages\/237\/revisions\/862"}],"wp:attachment":[{"href":"https:\/\/livingarchive.no\/index.php\/wp-json\/wp\/v2\/media?parent=237"}],"curies":[{"name":"wp","href":"https:\/\/api.w.org\/{rel}","templated":true}]}}