{"id":188,"date":"2024-11-13T10:28:45","date_gmt":"2024-11-13T10:28:45","guid":{"rendered":"https:\/\/livingarchive.no\/?page_id=188"},"modified":"2025-03-04T19:40:33","modified_gmt":"2025-03-04T19:40:33","slug":"participate-in-the-living-archive-delta-i-the-living-archive","status":"publish","type":"page","link":"https:\/\/livingarchive.no\/index.php\/participate-in-the-living-archive-delta-i-the-living-archive\/","title":{"rendered":"Participate"},"content":{"rendered":"\n<h2 class=\"wp-block-heading alignfull has-text-color has-link-color has-system-sans-serif-font-family wp-elements-4ece94d5476b513f1755860beb358dbf\" style=\"color:#ef897e\"><strong>Participate in The Living Archive \/ Delta i The Living Archive<\/strong><\/h2>\n\n\n\n<div class=\"wp-block-columns alignwide is-layout-flex wp-container-core-columns-is-layout-28f84493 wp-block-columns-is-layout-flex\">\n<div class=\"wp-block-column is-layout-flow wp-block-column-is-layout-flow\">\n<p>The best way to help build this resource, join on of our many events that explore and nourish arts and culture, and share your work or ideas or input there.<\/p>\n\n\n\n<p class=\"has-contrast-color has-text-color has-link-color wp-elements-f3b8f0ae7283e13bbf1279c76506f85f\">Den beste m\u00e5ten \u00e5 bidra til \u00e5 bygge denne ressursen p\u00e5, bli med p\u00e5 av v\u00e5re mange arrangementer som utforsker og gir n\u00e6ring til kunst og kultur, og del arbeidet ditt eller ideene eller innspillene dine der.<\/p>\n<\/div>\n<\/div>\n\n\n\n<div class=\"wp-block-columns alignwide has-background is-layout-flex wp-container-core-columns-is-layout-28f84493 wp-block-columns-is-layout-flex\" style=\"background-color:#ffbfb6\">\n<div class=\"wp-block-column is-layout-flow wp-block-column-is-layout-flow\">\n<p>View our event calendar on the SKOKS website here: <\/p>\n\n\n\n<p>Se v\u00e5r arrangementskalender p\u00e5 SKOKS nettsider her:<\/p>\n<\/div>\n\n\n\n<div class=\"wp-block-column is-layout-flow wp-block-column-is-layout-flow\">\n<div class=\"wp-block-buttons is-content-justification-center is-layout-flex wp-container-core-buttons-is-layout-a89b3969 wp-block-buttons-is-layout-flex\">\n<div class=\"wp-block-button is-style-fill\"><a class=\"wp-block-button__link has-background wp-element-button\" href=\"https:\/\/www.skoks.no\/2025\" style=\"background-color:#f19d42\">2025 Calendar<\/a><\/div>\n<\/div>\n<\/div>\n<\/div>\n\n\n\n<div class=\"wp-block-columns alignwide is-layout-flex wp-container-core-columns-is-layout-28f84493 wp-block-columns-is-layout-flex\">\n<div class=\"wp-block-column has-base-2-background-color has-background is-layout-flow wp-block-column-is-layout-flow\" style=\"padding-top:var(--wp--preset--spacing--10);padding-right:var(--wp--preset--spacing--10);padding-bottom:var(--wp--preset--spacing--10);padding-left:var(--wp--preset--spacing--10)\">\n<hr class=\"wp-block-separator aligncenter has-alpha-channel-opacity is-style-wide\"\/>\n\n\n\n<div class=\"wp-block-columns are-vertically-aligned-center is-layout-flex wp-container-core-columns-is-layout-28f84493 wp-block-columns-is-layout-flex\">\n<div class=\"wp-block-column is-vertically-aligned-center is-layout-flow wp-block-column-is-layout-flow\" style=\"flex-basis:66.66%\">\n<p>A thrilling new project is the <a href=\"https:\/\/www.skoks.no\/banned-books-bibliotek\"><strong>Banned Books Library<\/strong><\/a>, an interactive dissemination project in the form of a library and exhibition of books censored in Norway on the basis of racism\/LGBTIQ themes. One of the project&#8217;s regular events is the Queer Reading Time for kids at <em>Biblo T\u00f8yen<\/em>, in collaboration with <em>Skeiv Verde<\/em>n. <\/p>\n\n\n\n<p>Et spennende nytt prosjekt er <a href=\"https:\/\/www.skoks.no\/banned-books-bibliotek\"><strong>Banned Books Bibliotek<\/strong><\/a>, et interaktivt formidlingsprosjekt i form av et bibliotek og utstilling av b\u00f8ker sensurert i Norge p\u00e5 bakgrunn av rasisme\/LHBTIQ-temaer. Et av prosjektets faste arrangementer er Queer Reading Time for kids p\u00e5 Biblo T\u00f8yen, i samarbeid med Skeiv Verden.<\/p>\n<\/div>\n\n\n\n<div class=\"wp-block-column is-vertically-aligned-center is-layout-flow wp-block-column-is-layout-flow\" style=\"flex-basis:33.33%\">\n<figure class=\"wp-block-image size-full is-resized\"><a href=\"https:\/\/www.skoks.no\/#calendar-8dae1cf8-97c5-41ee-86d3-6e7e58887d42-event-m2yrjkmc\"><img loading=\"lazy\" decoding=\"async\" width=\"846\" height=\"470\" src=\"https:\/\/livingarchive.no\/wp-content\/uploads\/2024\/11\/SkeivLs17Nov.jpg\" alt=\"\" class=\"wp-image-195\" style=\"width:295px;height:auto\" srcset=\"https:\/\/livingarchive.no\/wp-content\/uploads\/2024\/11\/SkeivLs17Nov.jpg 846w, https:\/\/livingarchive.no\/wp-content\/uploads\/2024\/11\/SkeivLs17Nov-300x167.jpg 300w, https:\/\/livingarchive.no\/wp-content\/uploads\/2024\/11\/SkeivLs17Nov-768x427.jpg 768w\" sizes=\"auto, (max-width: 846px) 100vw, 846px\" \/><\/a><\/figure>\n<\/div>\n<\/div>\n<\/div>\n<\/div>\n\n\n\n<div class=\"wp-block-columns alignwide is-layout-flex wp-container-core-columns-is-layout-28f84493 wp-block-columns-is-layout-flex\">\n<div class=\"wp-block-column is-layout-flow wp-block-column-is-layout-flow\" style=\"flex-basis:100%\">\n<p style=\"padding-top:0;padding-right:0;padding-bottom:0;padding-left:0;font-style:normal;font-weight:100\">There are many ways to contribute to The Living Archive, starting with joining our many events where you can choose to share some of your work, ideas, recordings, etc. with us. See some of the upcoming events &amp; projects you can be part of below.<\/p>\n\n\n\n<p style=\"font-style:normal;font-weight:100\">Det er mange m\u00e5ter \u00e5 bidra til The Living Archive p\u00e5, og starter med \u00e5 bli med p\u00e5 v\u00e5re mange arrangementer der du kan velge \u00e5 dele noe av arbeidet ditt, ideene, opptakene osv. med oss. Se noen av de kommende arrangementene og prosjektene du kan v\u00e6re en del av nedenfor.<\/p>\n\n\n\n<hr class=\"wp-block-separator aligncenter has-text-color has-accent-3-color has-alpha-channel-opacity has-accent-3-background-color has-background is-style-wide\"\/>\n\n\n\n<div class=\"wp-block-columns is-layout-flex wp-container-core-columns-is-layout-28f84493 wp-block-columns-is-layout-flex\">\n<div class=\"wp-block-column is-layout-flow wp-block-column-is-layout-flow\">\n<div class=\"wp-block-columns is-layout-flex wp-container-core-columns-is-layout-28f84493 wp-block-columns-is-layout-flex\">\n<div class=\"wp-block-column is-layout-flow wp-block-column-is-layout-flow\" style=\"flex-basis:66.66%\">\n<details class=\"wp-block-details is-layout-flow wp-block-details-is-layout-flow\"><summary>Skeiv lesestund er en del av &laquo;Banned Books&raquo;-satningen p\u00e5 SKOKS &#8211; Skeivt Kunst- og Kultursenter i Oslo. <\/summary>\n<p>Vi lanserer n\u00e5 en utvidelse av v\u00e5rt skeive bibliotek med en utstilling best\u00e5ende av b\u00f8ker sensurert p\u00e5 grunnlag av rasisme\/LHBTIQ-tematikk. B\u00f8kene stilles ut med informasjon om utgivelsen, opprinnelsesland, tidsrom for sensur og hvor boken er sensurert, samt begrunnelser gitt for sensuren. B\u00f8kene er ogs\u00e5 til utl\u00e5n p\u00e5 stedet.<\/p>\n<\/details>\n<\/div>\n\n\n\n<div class=\"wp-block-column is-layout-flow wp-block-column-is-layout-flow\" style=\"flex-basis:33.33%\">\n<div class=\"wp-block-group is-content-justification-left is-nowrap is-layout-flex wp-container-core-group-is-layout-fc9f69e7 wp-block-group-is-layout-flex\">\n<figure class=\"wp-block-image aligncenter size-large is-resized\"><img loading=\"lazy\" decoding=\"async\" width=\"724\" height=\"1024\" src=\"https:\/\/livingarchive.no\/wp-content\/uploads\/2024\/11\/samtykkelesestund-724x1024.jpg\" alt=\"\" class=\"wp-image-229\" style=\"width:192px;height:auto\" srcset=\"https:\/\/livingarchive.no\/wp-content\/uploads\/2024\/11\/samtykkelesestund-724x1024.jpg 724w, https:\/\/livingarchive.no\/wp-content\/uploads\/2024\/11\/samtykkelesestund-212x300.jpg 212w, https:\/\/livingarchive.no\/wp-content\/uploads\/2024\/11\/samtykkelesestund-768x1086.jpg 768w, https:\/\/livingarchive.no\/wp-content\/uploads\/2024\/11\/samtykkelesestund-1086x1536.jpg 1086w, https:\/\/livingarchive.no\/wp-content\/uploads\/2024\/11\/samtykkelesestund.jpg 1414w\" sizes=\"auto, (max-width: 724px) 100vw, 724px\" \/><\/figure>\n\n\n\n<div class=\"wp-block-file aligncenter\" style=\"padding-top:var(--wp--preset--spacing--10);padding-right:var(--wp--preset--spacing--10);padding-bottom:var(--wp--preset--spacing--10);padding-left:var(--wp--preset--spacing--10)\"><a id=\"wp-block-file--media-8a8fd9f7-e018-4c51-9b61-987d46e7dd53\" href=\"https:\/\/livingarchive.no\/wp-content\/uploads\/2024\/11\/Samtykkeskjema_Lesestund.pdf\">Samtykkeskjema_Lesestund<\/a><\/div>\n<\/div>\n<\/div>\n<\/div>\n<\/div>\n<\/div>\n\n\n\n<div class=\"wp-block-columns is-layout-flex wp-container-core-columns-is-layout-28f84493 wp-block-columns-is-layout-flex\">\n<div class=\"wp-block-column is-layout-flow wp-block-column-is-layout-flow\">\n<details class=\"wp-block-details is-layout-flow wp-block-details-is-layout-flow\"><summary><strong>HVORFOR ER DETTE VIKTIG?<\/strong><br><br>For skeive barn og regnbuefamilier er b\u00f8ker som gjenspeiler dem og et rom der skeive narrativ ikke er unntaket, men normen, sv\u00e6rt etterlengtet. Derfor ser vi det som helt n\u00f8dvendig \u00e5 sikre bedre tilgang til skeiv barnelitteratur og skeive ungdomsb\u00f8ker hos oss.<br><br><em>Banned Books er et samarbeid mellom SKOKS, Antirasistisk senter og bokhandelen Gullberg &amp; Bostadl\u00f8kken.<\/em><\/summary>\n<p>Det er viktig \u00e5 merke seg at Banned Books ikke er et historisk tilbakeblikk, men en s\u00e6rdeles aktuell tematikk. N\u00e5r vi retter blikket litt utenfor v\u00e5re egne landegrenser, ser vi for eksempel at over halvparten av alle sensurerte b\u00f8ker i USA i dag er sensurert grunnet LHBTIQ-relatert innhold.<\/p>\n<\/details>\n<\/div>\n<\/div>\n\n\n\n<div class=\"wp-block-columns is-layout-flex wp-container-core-columns-is-layout-28f84493 wp-block-columns-is-layout-flex\">\n<div class=\"wp-block-column is-layout-flow wp-block-column-is-layout-flow\">\n<details class=\"wp-block-details is-layout-flow wp-block-details-is-layout-flow\"><summary><strong>Om Martine My N. B. Johansen:<\/strong><\/summary>\n<p><strong>My er en romanforfatter, \u200bkursholder, redakt\u00f8r, regiss\u00f8r og SLAM!poet fra Oslo.<\/strong> Etter over ti \u00e5r i bransjen har hun ledet tverrkunstneriske prosjekter og satsninger p\u00e5 alt fra nye kulturarenaer til de store kunst- og kultur-institusjonene, bygd opp nye scener, milj\u00f8er og publikasjoner, undervist p\u00e5 universiteter og h\u00f8yskoler, koordinert kunstutstillinger og festivaler. Siden 2016 har hun arbeidet for opprettelsen av Skeivt Kunst- og Kultursenter, der hun n\u00e5 er kulturansvarlig.<br><br>My avholder skrivekurs for barn, ungdom og voksne i hele Norge og internasjonalt, inkl. det popul\u00e6re kurset \u201cMiniRimRytmeMaskin\u201d som finnes i to varianter tilpasset <em>barnehagealder, eller <\/em>3. og 4.-trinn. Hun har v\u00e6rt turn\u00e9rt med kurs for barn og unge siden 2015.<\/p>\n\n\n\n<p><strong>*<\/strong><em>I 2023 mottok hun Forfattersentrums hederspris, \u201cWergelands \u00c5re\u201d, sammen med kollega Guro Sibeko. <\/em><strong>Prisen tildeles en person eller institusjon som har gjort en fortjenestefull innsats innen formidling av poesi.<\/strong><\/p>\n<\/details>\n<\/div>\n\n\n\n<div class=\"wp-block-column is-layout-flow wp-block-column-is-layout-flow\">\n<div class=\"wp-block-columns is-layout-flex wp-container-core-columns-is-layout-28f84493 wp-block-columns-is-layout-flex\">\n<div class=\"wp-block-column is-layout-flow wp-block-column-is-layout-flow\"><\/div>\n<\/div>\n<\/div>\n<\/div>\n\n\n\n<div class=\"wp-block-group has-background has-global-padding is-layout-constrained wp-container-core-group-is-layout-ec83a072 wp-block-group-is-layout-constrained\" style=\"background-color:#fbe8d7;padding-top:var(--wp--preset--spacing--10);padding-right:var(--wp--preset--spacing--10);padding-bottom:var(--wp--preset--spacing--10);padding-left:var(--wp--preset--spacing--10)\">\n<p class=\"has-heading-font-family\" style=\"padding-right:var(--wp--preset--spacing--10);padding-left:var(--wp--preset--spacing--10);font-size:clamp(1.092rem, 1.092rem + ((1vw - 0.2rem) * 1.013), 1.7rem);\"><strong>What can you share?<\/strong><\/p>\n\n\n\n<div class=\"wp-block-group has-global-padding is-layout-constrained wp-block-group-is-layout-constrained\">\n<ul style=\"padding-right:var(--wp--preset--spacing--10);padding-left:var(--wp--preset--spacing--10)\" class=\"wp-block-list\">\n<li style=\"font-size:clamp(0.875rem, 0.875rem + ((1vw - 0.2rem) * 0.542), 1.2rem);font-style:normal;font-weight:100\">Artworks of all kinds<\/li>\n\n\n\n<li style=\"font-size:clamp(0.875rem, 0.875rem + ((1vw - 0.2rem) * 0.542), 1.2rem);font-style:normal;font-weight:100\">Texts <\/li>\n\n\n\n<li style=\"font-size:clamp(0.875rem, 0.875rem + ((1vw - 0.2rem) * 0.542), 1.2rem);font-style:normal;font-weight:100\">Digital and physical images &amp; video<\/li>\n\n\n\n<li style=\"font-size:clamp(0.875rem, 0.875rem + ((1vw - 0.2rem) * 0.542), 1.2rem);font-style:normal;font-weight:100\">Audio <\/li>\n\n\n\n<li style=\"font-size:clamp(0.875rem, 0.875rem + ((1vw - 0.2rem) * 0.542), 1.2rem);font-style:normal;font-weight:100\">Interviews<\/li>\n\n\n\n<li style=\"font-size:clamp(0.875rem, 0.875rem + ((1vw - 0.2rem) * 0.542), 1.2rem);font-style:normal;font-weight:100\">Personal artefacts<\/li>\n<\/ul>\n<\/div>\n<\/div>\n<\/div>\n<\/div>\n\n\n\n<h2 class=\"wp-block-heading is-style-default has-contrast-color has-text-color has-link-color wp-elements-e6e85e15391e54fb8d3772bbce154eab\">Download these:<\/h2>\n\n\n\n<p class=\"has-contrast-color has-text-color has-link-color has-heading-font-family wp-elements-b3187c6a1d401487d33d95c911ddf471\"><strong>Consent Forms:<\/strong><\/p>\n\n\n\n<div class=\"wp-block-columns is-layout-flex wp-container-core-columns-is-layout-28f84493 wp-block-columns-is-layout-flex\">\n<div class=\"wp-block-column is-layout-flow wp-block-column-is-layout-flow\">\n<div class=\"wp-block-file\" style=\"margin-right:0;margin-left:0;padding-top:0;padding-bottom:0\"><a id=\"wp-block-file--media-93014d29-9255-4cab-a23f-da5e20113a1a\" href=\"https:\/\/livingarchive.no\/wp-content\/uploads\/2024\/11\/Samtykkeerklaering-for-kunstnere.pdf\" target=\"_blank\" rel=\"noreferrer noopener\">Samtykkeerkl\u00e6ring for kunstnere<\/a><\/div>\n\n\n\n<div class=\"wp-block-buttons is-layout-flex wp-block-buttons-is-layout-flex\">\n<div class=\"wp-block-button\"><a class=\"wp-block-button__link has-background wp-element-button\" href=\"https:\/\/livingarchive.no\/wp-content\/uploads\/2024\/11\/Samtykkeerklaering-for-kunstnere.pdf\" style=\"background-color:#f19d42\">Download<\/a><\/div>\n<\/div>\n<\/div>\n\n\n\n<div class=\"wp-block-column is-layout-flow wp-block-column-is-layout-flow\">\n<div class=\"wp-block-file\"><a id=\"wp-block-file--media-849d7e72-2fc0-4f6f-a7cc-3f421a2443bf\" href=\"https:\/\/livingarchive.no\/wp-content\/uploads\/2024\/11\/Consent-form-for-artists-1-1.pdf\">Consent form for artists<\/a><\/div>\n\n\n\n<div class=\"wp-block-buttons is-layout-flex wp-block-buttons-is-layout-flex\">\n<div class=\"wp-block-button\"><a class=\"wp-block-button__link has-background wp-element-button\" href=\"https:\/\/livingarchive.no\/wp-content\/uploads\/2024\/11\/Consent-form-for-artists-1-1.pdf\" style=\"background-color:#f19d42\">Download<\/a><\/div>\n<\/div>\n<\/div>\n<\/div>\n\n\n\n<div class=\"wp-block-columns alignwide has-accent-3-color has-text-color has-link-color has-heading-font-family has-large-font-size wp-elements-65bed7e75ce8b172bef3f3323318aedf is-layout-flex wp-container-core-columns-is-layout-28f84493 wp-block-columns-is-layout-flex\">\n<div class=\"wp-block-column is-layout-flow wp-block-column-is-layout-flow\">\n<hr class=\"wp-block-separator aligncenter has-text-color has-accent-3-color has-alpha-channel-opacity has-accent-3-background-color has-background is-style-wide\"\/>\n\n\n\n<p class=\"has-text-color has-link-color has-system-sans-serif-font-family wp-elements-3dcdc54aac0380d7c7c015a051280901\" style=\"color:#ef897e\"><strong>Other projects include:<\/strong><\/p>\n<\/div>\n<\/div>\n\n\n\n<div class=\"wp-block-columns alignwide is-layout-flex wp-container-core-columns-is-layout-28f84493 wp-block-columns-is-layout-flex\" style=\"font-style:normal;font-weight:100\">\n<div class=\"wp-block-column is-layout-flow wp-block-column-is-layout-flow\">\n<p style=\"font-style:normal;font-weight:100\">View the <a href=\"https:\/\/www.skoks.no\/2025\">SKOKS calendar<\/a> on our <a href=\"https:\/\/www.skoks.no\/\">website<\/a> to see which events are coming up. Our full list of projects will be available here soon. Alternatively, please contact us at <a href=\"mailto:arkiv@skoks.no\">arkiv@skoks.no<\/a> or via our <a href=\"https:\/\/livingarchive.no\/index.php\/contact-us\/\" data-type=\"page\" data-id=\"54\">contact form<\/a>.<\/p>\n<\/div>\n<\/div>\n\n\n\n<div class=\"wp-block-columns alignwide is-layout-flex wp-container-core-columns-is-layout-28f84493 wp-block-columns-is-layout-flex\">\n<div class=\"wp-block-column is-layout-flow wp-block-column-is-layout-flow\">\n<p><strong><a href=\"https:\/\/www.skoks.no\/next-generation-queer-xpression-queer-kids-xpressions\">Queer Kids Xpressions \/ Next Generation Queer Xpressions:<\/a><\/strong><\/p>\n\n\n\n<p style=\"font-size:14px;font-style:normal;font-weight:100\">Workshops, digitization and traveling exhibition<\/p>\n\n\n\n<p style=\"font-size:14px;font-style:normal;font-weight:100\">SKOKS arranges process-oriented and playful art workshops for children, youth and young adults, which will result in a traveling exhibition.<\/p>\n\n\n\n<p style=\"font-size:14px;font-style:normal;font-weight:100\">We primarily emphasize and promote art created by gender-creative children, youth and young adults.<\/p>\n\n\n\n<figure class=\"wp-block-gallery has-nested-images columns-default is-cropped wp-block-gallery-1 is-layout-flex wp-block-gallery-is-layout-flex\">\n<figure class=\"wp-block-image size-large\"><a href=\"https:\/\/www.skoks.no\/next-generation-queer-xpression-queer-kids-xpressions\"><img loading=\"lazy\" decoding=\"async\" width=\"1024\" height=\"1024\" data-id=\"200\" src=\"https:\/\/livingarchive.no\/wp-content\/uploads\/2024\/11\/QKXKvadrat-1024x1024.jpg\" alt=\"\" class=\"wp-image-200\" srcset=\"https:\/\/livingarchive.no\/wp-content\/uploads\/2024\/11\/QKXKvadrat-1024x1024.jpg 1024w, https:\/\/livingarchive.no\/wp-content\/uploads\/2024\/11\/QKXKvadrat-300x300.jpg 300w, https:\/\/livingarchive.no\/wp-content\/uploads\/2024\/11\/QKXKvadrat-150x150.jpg 150w, https:\/\/livingarchive.no\/wp-content\/uploads\/2024\/11\/QKXKvadrat-768x768.jpg 768w, https:\/\/livingarchive.no\/wp-content\/uploads\/2024\/11\/QKXKvadrat.jpg 1500w\" sizes=\"auto, (max-width: 1024px) 100vw, 1024px\" \/><\/a><\/figure>\n<\/figure>\n\n\n\n<figure class=\"wp-block-image size-large\"><a href=\"https:\/\/www.skoks.no\/next-generation-queer-xpression-queer-kids-xpressions\"><img loading=\"lazy\" decoding=\"async\" width=\"1024\" height=\"1024\" src=\"https:\/\/livingarchive.no\/wp-content\/uploads\/2024\/11\/NGQGKvadrat-1024x1024.jpg\" alt=\"\" class=\"wp-image-201\" srcset=\"https:\/\/livingarchive.no\/wp-content\/uploads\/2024\/11\/NGQGKvadrat-1024x1024.jpg 1024w, https:\/\/livingarchive.no\/wp-content\/uploads\/2024\/11\/NGQGKvadrat-300x300.jpg 300w, https:\/\/livingarchive.no\/wp-content\/uploads\/2024\/11\/NGQGKvadrat-150x150.jpg 150w, https:\/\/livingarchive.no\/wp-content\/uploads\/2024\/11\/NGQGKvadrat-768x768.jpg 768w, https:\/\/livingarchive.no\/wp-content\/uploads\/2024\/11\/NGQGKvadrat.jpg 1500w\" sizes=\"auto, (max-width: 1024px) 100vw, 1024px\" \/><\/a><\/figure>\n<\/div>\n\n\n\n<div class=\"wp-block-column is-layout-flow wp-block-column-is-layout-flow\">\n<p><strong><a href=\"https:\/\/livingarchive.no\/index.php\/masterclasses\/\" data-type=\"page\" data-id=\"363\">Masterclass Series<\/a><\/strong><\/p>\n\n\n\n<p style=\"font-size:14px;font-style:normal;font-weight:100\">From photography to stand-up comedy, SKOKS has launched a series of Masterclasses by members of our community to share, in an open and welcome environment for all, their unique expertise and skills with all of you. The Living Archive will document these classes and take in any submissions by attendees and hosts to ensure that it will be accessible online.<br><br><br><\/p>\n\n\n\n<figure class=\"wp-block-image size-large\"><img loading=\"lazy\" decoding=\"async\" width=\"1024\" height=\"1024\" src=\"https:\/\/livingarchive.no\/wp-content\/uploads\/2025\/03\/MC-1024x1024.jpg\" alt=\"\" class=\"wp-image-690\" srcset=\"https:\/\/livingarchive.no\/wp-content\/uploads\/2025\/03\/MC-1024x1024.jpg 1024w, https:\/\/livingarchive.no\/wp-content\/uploads\/2025\/03\/MC-300x300.jpg 300w, https:\/\/livingarchive.no\/wp-content\/uploads\/2025\/03\/MC-150x150.jpg 150w, https:\/\/livingarchive.no\/wp-content\/uploads\/2025\/03\/MC-768x768.jpg 768w, https:\/\/livingarchive.no\/wp-content\/uploads\/2025\/03\/MC.jpg 1181w\" sizes=\"auto, (max-width: 1024px) 100vw, 1024px\" \/><\/figure>\n<\/div>\n<\/div>\n\n\n\n<div class=\"wp-block-columns alignwide is-layout-flex wp-container-core-columns-is-layout-28f84493 wp-block-columns-is-layout-flex\">\n<div class=\"wp-block-column is-layout-flow wp-block-column-is-layout-flow\"><\/div>\n\n\n\n<div class=\"wp-block-column is-layout-flow wp-block-column-is-layout-flow\"><\/div>\n<\/div>\n\n\n\n<p class=\"has-text-align-center has-accent-3-color has-text-color has-link-color has-heading-font-family wp-elements-5f0656ec80326a8e42a8d637b72e52e5\" style=\"font-size:clamp(0.929rem, 0.929rem + ((1vw - 0.2rem) * 0.785), 1.4rem);\">This page is currently being updated, and will reflect more of our current projects shortly.<\/p>\n","protected":false},"excerpt":{"rendered":"<p>Participate in The Living Archive \/ Delta i The Living Archive The best way to help build this resource, join on of our many events that explore and nourish arts and culture, and share your work or ideas or input there. Den beste m\u00e5ten \u00e5 bidra til \u00e5 bygge denne ressursen p\u00e5, bli med p\u00e5 [&hellip;]<\/p>\n","protected":false},"author":1,"featured_media":0,"parent":0,"menu_order":0,"comment_status":"closed","ping_status":"closed","template":"","meta":{"footnotes":""},"class_list":["post-188","page","type-page","status-publish","hentry"],"_links":{"self":[{"href":"https:\/\/livingarchive.no\/index.php\/wp-json\/wp\/v2\/pages\/188","targetHints":{"allow":["GET"]}}],"collection":[{"href":"https:\/\/livingarchive.no\/index.php\/wp-json\/wp\/v2\/pages"}],"about":[{"href":"https:\/\/livingarchive.no\/index.php\/wp-json\/wp\/v2\/types\/page"}],"author":[{"embeddable":true,"href":"https:\/\/livingarchive.no\/index.php\/wp-json\/wp\/v2\/users\/1"}],"replies":[{"embeddable":true,"href":"https:\/\/livingarchive.no\/index.php\/wp-json\/wp\/v2\/comments?post=188"}],"version-history":[{"count":37,"href":"https:\/\/livingarchive.no\/index.php\/wp-json\/wp\/v2\/pages\/188\/revisions"}],"predecessor-version":[{"id":725,"href":"https:\/\/livingarchive.no\/index.php\/wp-json\/wp\/v2\/pages\/188\/revisions\/725"}],"wp:attachment":[{"href":"https:\/\/livingarchive.no\/index.php\/wp-json\/wp\/v2\/media?parent=188"}],"curies":[{"name":"wp","href":"https:\/\/api.w.org\/{rel}","templated":true}]}}